{"id":6902,"date":"2024-08-30T16:10:20","date_gmt":"2024-08-30T13:10:20","guid":{"rendered":"https:\/\/hitoshin.com\/impressum\/"},"modified":"2025-05-12T11:59:25","modified_gmt":"2025-05-12T08:59:25","slug":"impressum","status":"publish","type":"page","link":"https:\/\/hitoshin.com\/de\/impressum\/","title":{"rendered":"Impressum"},"content":{"rendered":"<p>[et_pb_section fb_built=&#8220;1&#8243; _builder_version=&#8220;4.27.0&#8243; _module_preset=&#8220;default&#8220; background_color=&#8220;#f7f4eb&#8220; global_colors_info=&#8220;{}&#8220;][et_pb_row _builder_version=&#8220;4.27.0&#8243; _module_preset=&#8220;default&#8220; global_colors_info=&#8220;{}&#8220;][et_pb_column type=&#8220;4_4&#8243; _builder_version=&#8220;4.27.0&#8243; _module_preset=&#8220;default&#8220; global_colors_info=&#8220;{}&#8220;][et_pb_text _builder_version=&#8220;4.27.2&#8243; _module_preset=&#8220;default&#8220; hover_enabled=&#8220;0&#8243; global_colors_info=&#8220;{}&#8220; sticky_enabled=&#8220;0&#8243;]<\/p>\n<h2>oQue B.V.<\/h2>\n<p><strong>Adresse<\/strong><br \/>Grensstraat 7<br \/>7041 GZ&#8217;s-Heerenberg<br \/>Die Niederlande<\/p>\n<p><strong>Vertreten durch den Gesch\u00e4ftsf\u00fchrer:<\/strong><br \/>Ren\u00e9 van der Zouwen<\/p>\n<p><strong>USt.Id.:<\/strong><br \/>NL 86 33 603 12 B01<\/p>\n<h3>Kontakt<\/h3>\n<p>E-Mail: oque@post.com<\/p>\n<p>Die Europ\u00e4ische Kommission stellt eine Plattform f\u00fcr die Online-Streitbeilegung (OS) zur Verf\u00fcgung, die Sie hier finden k\u00f6nnen <span style=\"text-decoration: underline;\"><span style=\"color: #000000; text-decoration: underline;\"><a href=\"https:\/\/ec.europa.eu\/consumers\/odr\/.\" style=\"color: #000000; text-decoration: underline;\" target=\"_blank\" rel=\"noopener\">https:\/\/ec.europa.eu\/consumers\/odr\/.<\/a><\/span><\/span> Wir sind nicht verpflichtet oder bereit, an einem Streitbeilegungsverfahren vor einer Verbraucherschlichtungsstelle teilzunehmen.<\/p>\n<p>[\/et_pb_text][\/et_pb_column][\/et_pb_row][\/et_pb_section]<\/p>\n","protected":false},"excerpt":{"rendered":"<p>oQue B.V. AdresseGrensstraat 77041&#8230;<\/p>\n","protected":false},"author":234,"featured_media":0,"parent":0,"menu_order":0,"comment_status":"closed","ping_status":"closed","template":"","meta":{"_et_pb_use_builder":"on","_et_pb_old_content":"","_et_gb_content_width":"","_themeisle_gutenberg_block_has_review":false,"footnotes":""},"class_list":["post-6902","page","type-page","status-publish","hentry"],"acf":[],"_links":{"self":[{"href":"https:\/\/hitoshin.com\/de\/wp-json\/wp\/v2\/pages\/6902","targetHints":{"allow":["GET"]}}],"collection":[{"href":"https:\/\/hitoshin.com\/de\/wp-json\/wp\/v2\/pages"}],"about":[{"href":"https:\/\/hitoshin.com\/de\/wp-json\/wp\/v2\/types\/page"}],"author":[{"embeddable":true,"href":"https:\/\/hitoshin.com\/de\/wp-json\/wp\/v2\/users\/234"}],"replies":[{"embeddable":true,"href":"https:\/\/hitoshin.com\/de\/wp-json\/wp\/v2\/comments?post=6902"}],"version-history":[{"count":4,"href":"https:\/\/hitoshin.com\/de\/wp-json\/wp\/v2\/pages\/6902\/revisions"}],"predecessor-version":[{"id":7224,"href":"https:\/\/hitoshin.com\/de\/wp-json\/wp\/v2\/pages\/6902\/revisions\/7224"}],"wp:attachment":[{"href":"https:\/\/hitoshin.com\/de\/wp-json\/wp\/v2\/media?parent=6902"}],"curies":[{"name":"wp","href":"https:\/\/api.w.org\/{rel}","templated":true}]}}