{"id":6867,"date":"2024-08-04T19:51:15","date_gmt":"2024-08-04T16:51:15","guid":{"rendered":"https:\/\/hitoshin.com\/versand-und-zahlung\/"},"modified":"2024-08-04T20:00:54","modified_gmt":"2024-08-04T17:00:54","slug":"versand-und-zahlung","status":"publish","type":"page","link":"https:\/\/hitoshin.com\/de\/versand-und-zahlung\/","title":{"rendered":"Versand und Zahlung"},"content":{"rendered":"<p>[et_pb_section fb_built=&#8220;1&#8243; _builder_version=&#8220;4.27.0&#8243; _module_preset=&#8220;default&#8220; background_color=&#8220;#f7f4eb&#8220; global_colors_info=&#8220;{}&#8220;][et_pb_row _builder_version=&#8220;4.27.0&#8243; _module_preset=&#8220;default&#8220; global_colors_info=&#8220;{}&#8220;][et_pb_column type=&#8220;4_4&#8243; _builder_version=&#8220;4.27.0&#8243; _module_preset=&#8220;default&#8220; global_colors_info=&#8220;{}&#8220;][et_pb_text _builder_version=&#8220;4.27.0&#8243; _module_preset=&#8220;default&#8220; background_enable_color=&#8220;off&#8220; hover_enabled=&#8220;0&#8243; global_colors_info=&#8220;{}&#8220; sticky_enabled=&#8220;0&#8243;]<\/p>\n<h2>Versand und Zahlung<\/h2>\n<p>Auf dieser Seite m\u00f6chten wir Ihnen alle wichtigen Informationen zu den Versand- und Zahlungsmodalit\u00e4ten klar und \u00fcbersichtlich zur Verf\u00fcgung stellen. Wir legen gro\u00dfen Wert auf Transparenz und Einfachheit, um Ihr Einkaufserlebnis so angenehm wie m\u00f6glich zu gestalten.<\/p>\n<h3><\/h3>\n<h3>Zahlung<\/h3>\n<p>Wir bem\u00fchen uns, Ihren Einkauf so einfach und bequem wie m\u00f6glich zu gestalten. Daher bieten wir eine Vielzahl von Zahlungsm\u00f6glichkeiten an. Nachfolgend finden Sie eine detaillierte \u00dcbersicht \u00fcber die verf\u00fcgbaren Zahlungsoptionen:<\/p>\n<p><strong>Google Pay<\/strong><br \/>Mit Google Pay k\u00f6nnen Sie schnell und sicher bezahlen. Verkn\u00fcpfen Sie einfach Ihre Kreditkarte oder Ihr Bankkonto mit Ihrem Google-Konto und genie\u00dfen Sie einen nahtlosen Checkout-Prozess.<\/p>\n<p><strong>iDEAL<\/strong><br \/>Besonders beliebt bei Kunden in den Niederlanden. Mit iDEAL k\u00f6nnen Sie direkt \u00fcber das Online-Banking-System Ihrer Bank bezahlen, was eine sichere und schnelle Transaktion gew\u00e4hrleistet.<\/p>\n<p><strong>Kreditkarte (Visa, Mastercard, American Express)<\/strong><br \/>Wir akzeptieren Zahlungen mit Visa, Mastercard und American Express. Ihre Kreditkartendaten werden sicher verschl\u00fcsselt, so dass Sie sorgenfrei einkaufen k\u00f6nnen.<\/p>\n<p><strong>Klarna PayLater<\/strong><br \/>Mit Klarna PayLater haben Sie die M\u00f6glichkeit, Ihre Bestellung nach Erhalt der Ware zu bezahlen. Auf diese Weise k\u00f6nnen Sie sicherstellen, dass alles zu Ihrer Zufriedenheit verl\u00e4uft, bevor die Zahlung f\u00e4llig wird.<\/p>\n<p><strong>Klarna PayNow<\/strong><br \/>Wenn Sie lieber sofort bezahlen m\u00f6chten, bietet Klarna PayNow eine schnelle und unkomplizierte Zahlungsm\u00f6glichkeit. Der Betrag wird direkt von Ihrem Bankkonto abgebucht.<\/p>\n<p><strong>PayPal<\/strong><br \/>Mit PayPal k\u00f6nnen Sie schnell und sicher Zahlungen vornehmen. Verkn\u00fcpfen Sie Ihr PayPal-Konto mit Ihrem Bankkonto oder Ihrer Kreditkarte und genie\u00dfen Sie den Schutz, den PayPal bietet.<\/p>\n<p>Wir legen gro\u00dfen Wert auf die Sicherheit Ihrer Daten und verwenden die neuesten Verschl\u00fcsselungstechnologien. Sollten Sie Fragen oder Probleme mit einer der Zahlungsarten haben, steht Ihnen unser Kundenservice jederzeit zur Verf\u00fcgung. Wir w\u00fcnschen Ihnen ein angenehmes Einkaufserlebnis!<\/p>\n<h3><\/h3>\n<h3>Versand<\/h3>\n<p>Wir bieten einen bequemen und g\u00fcnstigen Versand. Bei einem Bestellwert von 65 Euro oder mehr ist der Versand kostenlos. F\u00fcr Bestellungen unter 65 Euro f\u00e4llt eine Versandgeb\u00fchr von 14,50 Euro an, sowohl innerhalb der Niederlande als auch in ganz Europa.<\/p>\n<ul>\n<li>Kostenloser Versand: f\u00fcr Bestellungen \u00fcber 65 Euro<\/li>\n<li>Inl\u00e4ndischer Versand: 14,50 Euro<\/li>\n<li>Internationaler Versand: 14,50 Euro<\/li>\n<\/ul>\n<p>Sollten Sie weitere Fragen haben, steht Ihnen unser Kundenservice jederzeit zur Verf\u00fcgung. Wir w\u00fcnschen Ihnen ein angenehmes Einkaufserlebnis!<\/p>\n<p>[\/et_pb_text][\/et_pb_column][\/et_pb_row][\/et_pb_section]<\/p>\n","protected":false},"excerpt":{"rendered":"<p>Versand und Zahlung Auf dieser Seite m\u00f6chten wir&#8230;<\/p>\n","protected":false},"author":234,"featured_media":0,"parent":0,"menu_order":0,"comment_status":"closed","ping_status":"closed","template":"","meta":{"_et_pb_use_builder":"on","_et_pb_old_content":"","_et_gb_content_width":"","_themeisle_gutenberg_block_has_review":false,"footnotes":""},"class_list":["post-6867","page","type-page","status-publish","hentry"],"acf":[],"_links":{"self":[{"href":"https:\/\/hitoshin.com\/de\/wp-json\/wp\/v2\/pages\/6867","targetHints":{"allow":["GET"]}}],"collection":[{"href":"https:\/\/hitoshin.com\/de\/wp-json\/wp\/v2\/pages"}],"about":[{"href":"https:\/\/hitoshin.com\/de\/wp-json\/wp\/v2\/types\/page"}],"author":[{"embeddable":true,"href":"https:\/\/hitoshin.com\/de\/wp-json\/wp\/v2\/users\/234"}],"replies":[{"embeddable":true,"href":"https:\/\/hitoshin.com\/de\/wp-json\/wp\/v2\/comments?post=6867"}],"version-history":[{"count":5,"href":"https:\/\/hitoshin.com\/de\/wp-json\/wp\/v2\/pages\/6867\/revisions"}],"predecessor-version":[{"id":6872,"href":"https:\/\/hitoshin.com\/de\/wp-json\/wp\/v2\/pages\/6867\/revisions\/6872"}],"wp:attachment":[{"href":"https:\/\/hitoshin.com\/de\/wp-json\/wp\/v2\/media?parent=6867"}],"curies":[{"name":"wp","href":"https:\/\/api.w.org\/{rel}","templated":true}]}}